{"id":1416,"date":"2025-03-06T17:12:49","date_gmt":"2025-03-06T15:12:49","guid":{"rendered":"https:\/\/pasaiakosarraskia.eus\/?page_id=1416"},"modified":"2025-03-06T18:54:22","modified_gmt":"2025-03-06T16:54:22","slug":"condiciones-de-uso","status":"publish","type":"page","link":"https:\/\/pasaiakosarraskia.eus\/es\/condiciones-de-uso\/","title":{"rendered":"Condiciones de uso"},"content":{"rendered":"<p>[et_pb_section fb_built=\u00bb1&#8243; _builder_version=\u00bb4.16&#8243; global_colors_info=\u00bb{}\u00bb][et_pb_row _builder_version=\u00bb4.16&#8243; background_size=\u00bbinitial\u00bb background_position=\u00bbtop_left\u00bb background_repeat=\u00bbrepeat\u00bb global_colors_info=\u00bb{}\u00bb][et_pb_column type=\u00bb4_4&#8243; _builder_version=\u00bb4.16&#8243; custom_padding=\u00bb|||\u00bb global_colors_info=\u00bb{}\u00bb custom_padding__hover=\u00bb|||\u00bb][et_pb_heading title=\u00bbCondiciones de uso\u00bb _builder_version=\u00bb4.27.4&#8243; _module_preset=\u00bbdefault\u00bb title_font=\u00bbSpecial Elite||||||||\u00bb title_font_size=\u00bb26px\u00bb global_colors_info=\u00bb{}\u00bb][\/et_pb_heading][et_pb_text _builder_version=\u00bb4.27.4&#8243; header_2_font=\u00bbSpecial Elite||||||||\u00bb header_2_font_size=\u00bb20px\u00bb background_size=\u00bbinitial\u00bb background_position=\u00bbtop_left\u00bb background_repeat=\u00bbrepeat\u00bb hover_enabled=\u00bb0&#8243; global_colors_info=\u00bb{}\u00bb sticky_enabled=\u00bb0&#8243;]<\/p>\n<section>\n<p>Las presentes condiciones generales de uso de la p\u00e1gina web, regulan los t\u00e9rminos y condiciones de acceso y uso de www.pasaiakosarraskia.eus, propiedad de:<\/p>\n<ul>\n<li><strong>Titularra<\/strong>: Pasaiako Sarraskia Argitu Kultur Elkartea<\/li>\n<li><strong>IFK<\/strong>: G06862809<\/li>\n<li><strong>Helbidea<\/strong>: Santutxo Auzunea 6 &#8211; 3 esk \u00b7 20730 Azpeitia [Gipuzkoa]<\/li>\n<li><strong>Korreo elektronikoa<\/strong>: pasaia.argitu@gmail.com<\/li>\n<li><strong>Webgunea<\/strong>: https:\/\/pasaiakosarraskia.eus<\/li>\n<\/ul>\n<p>El usuario de la web deber\u00e1 de leer y aceptar para usar todos los servicios e informaci\u00f3n que se facilitan desde la web. El mero acceso y\/o utilizaci\u00f3n de la web, de todos o parte de sus contenidos y\/o servicios significa la plena aceptaci\u00f3n de las presentes condiciones generales de uso.<\/p>\n<p>&nbsp;<\/p>\n<h2>Condiciones de uso<\/h2>\n<p>Las presentes condiciones generales de uso de la web regulan el acceso y su utilizaci\u00f3n, incluyendo los contenidos y los servicios puestos a disposici\u00f3n de los usuarios en y\/o a trav\u00e9s de la web, bien por la web, bien por terceros. No obstante, el acceso y la utilizaci\u00f3n de ciertos contenidos y\/o servicios puede encontrarse sometido a determinadas condiciones espec\u00edficas.<\/p>\n<p>&nbsp;<\/p>\n<h2>Modificaciones<\/h2>\n<p>Pasaiako Sarraskia Argitu Kultur Elkartea se reserva la facultad de modificar en cualquier momento las condiciones generales de uso de la web. En todo caso, se recomienda que consulte peri\u00f3dicamente los presentes t\u00e9rminos de uso de la web, ya que pueden ser modificados.<\/p>\n<p>&nbsp;<\/p>\n<h2>Obligaciones del Usuario<\/h2>\n<p>El usuario deber\u00e1 respetar en todo momento los t\u00e9rminos y condiciones establecidos en las presentes condiciones generales de uso de la web. De forma expresa el usuario manifiesta que utilizar\u00e1 la web de forma diligente y asumiendo cualquier responsabilidad que pudiera derivarse del incumplimiento de las normas.<\/p>\n<p>As\u00ed mismo, el usuario no podr\u00e1 utilizar la web para transmitir, almacenar, divulgar promover o distribuir datos o contenidos que sean portadores de virus o cualquier otro c\u00f3digo inform\u00e1tico, archivos o programas dise\u00f1ados para interrumpir, destruir o perjudicar el funcionamiento de cualquier programa o equipo inform\u00e1tico o de telecomunicaciones.<\/p>\n<p>&nbsp;<\/p>\n<h2>Responsabilidad de la web<\/h2>\n<p>El usuario conoce y acepta que la web no otorga ninguna garant\u00eda de cualquier naturaleza, ya sea expresa o impl\u00edcita, sobre los datos, contenidos, informaci\u00f3n y servicios que se incorporan y ofrecen desde la web.<\/p>\n<p>Exceptuando los casos que la Ley imponga expresamente lo contrario, y exclusivamente con la medida y extensi\u00f3n en que lo imponga, la web no garantiza ni asume responsabilidad alguna respecto a los posibles da\u00f1os y perjuicios causados por el uso y utilizaci\u00f3n de la informaci\u00f3n, datos y servicios de la web.<\/p>\n<p>En todo caso, la web excluye cualquier responsabilidad por los da\u00f1os y perjuicios que puedan deberse a la informaci\u00f3n y\/o servicios prestados o suministrados por terceros diferentes de Pasaiako Sarraskia Argitu Kultur Elkartea Toda responsabilidad ser\u00e1 del tercero ya sea proveedor o colaborador.<\/p>\n<p>&nbsp;<\/p>\n<h2>Propiedad intelectual e industrial<\/h2>\n<p>Todos los contenidos, marcas, logos, dibujos, documentaci\u00f3n, programas inform\u00e1ticos o cualquier otro elemento susceptible de protecci\u00f3n por la legislaci\u00f3n de propiedad intelectual o industrial, que sean accesibles en la web corresponden exclusivamente a Pasaiako Sarraskia Argitu Kultur Elkartea o a sus leg\u00edtimos titulares y quedan expresamente reservados todos los derechos sobre los mismos. Queda expresamente prohibida la creaci\u00f3n de enlaces de hipertexto (links) a cualquier elemento integrante de las p\u00e1ginas web de la web sin la autorizaci\u00f3n de Pasaiako Sarraskia Argitu Kultur Elkartea<\/p>\n<p>En cualquier caso, la web se reserva todos los derechos sobre los contenidos, informaci\u00f3n datos y servicios que ostente sobre los mismos. La web no concede ninguna licencia o autorizaci\u00f3n de uso al usuario sobre sus contenidos, datos o servicios, distinta de la que expresamente se detalle en las presentes condiciones generales de uso de la web.<\/p>\n<p>&nbsp;<\/p>\n<h2>Legislaci\u00f3n aplicable, jurisdicci\u00f3n competente y notificaciones<\/h2>\n<p>Las presentes condiciones se rigen y se interpretan de acuerdo con las Leyes de Espa\u00f1a. Para cualquier reclamaci\u00f3n ser\u00e1n competentes los juzgados y tribunales de Azpeitia. Todas las notificaciones, requerimientos, peticiones y otras comunicaciones que el Usuario desee efectuar a Pasaiako Sarraskia Argitu Kultur Elkartea titular de la web deber\u00e1n realizarse por escrito y se entender\u00e1 que han sido correctamente realizadas cuando hayan sido recibidas en la siguiente direcci\u00f3n pasaia.argitu@gmail.com.<\/p>\n<\/section>\n<p>[\/et_pb_text][\/et_pb_column][\/et_pb_row][\/et_pb_section]<\/p>\n","protected":false},"excerpt":{"rendered":"<p>Las presentes condiciones generales de uso de la p\u00e1gina web, regulan los t\u00e9rminos y condiciones de acceso y uso de www.pasaiakosarraskia.eus, propiedad de: Titularra: Pasaiako Sarraskia Argitu Kultur Elkartea IFK: G06862809 Helbidea: Santutxo Auzunea 6 &#8211; 3 esk \u00b7 20730 Azpeitia [Gipuzkoa] Korreo elektronikoa: pasaia.argitu@gmail.com Webgunea: https:\/\/pasaiakosarraskia.eus El usuario de la web deber\u00e1 de leer [&hellip;]<\/p>\n","protected":false},"author":2,"featured_media":0,"parent":0,"menu_order":0,"comment_status":"closed","ping_status":"closed","template":"","meta":{"_et_pb_use_builder":"on","_et_pb_old_content":"<section>\r\n<div class=\"container\">\r\n\r\nLas presentes condiciones generales de uso de la p\u00e1gina web, regulan los t\u00e9rminos y condiciones de acceso y uso de www.pasaiakosarraskia.eus, propiedad de:\r\n<ul>\r\n \t<li><strong>Titularra<\/strong>: Pasaiako Sarraskia Argitu Kultur Elkartea<\/li>\r\n \t<li><strong>IFK<\/strong>: G06862809<\/li>\r\n \t<li><strong>Helbidea<\/strong>: Santutxo Auzunea 6 - 3 esk \u00b7 20730 Azpeitia [Gipuzkoa]<\/li>\r\n \t<li><strong>Korreo elektronikoa<\/strong>:<\/li>\r\n \t<li><strong>Webgunea<\/strong>: https:\/\/pasaiakosarraskia.eus<\/li>\r\n<\/ul>\r\nEl usuario de la web deber\u00e1 de leer y aceptar para usar todos los servicios e informaci\u00f3n que se facilitan desde la web. El mero acceso y\/o utilizaci\u00f3n de la web, de todos o parte de sus contenidos y\/o servicios significa la plena aceptaci\u00f3n de las presentes condiciones generales de uso.\r\n<h2>Condiciones de uso<\/h2>\r\nLas presentes condiciones generales de uso de la web regulan el acceso y su utilizaci\u00f3n, incluyendo los contenidos y los servicios puestos a disposici\u00f3n de los usuarios en y\/o a trav\u00e9s de la web, bien por la web, bien por terceros. No obstante, el acceso y la utilizaci\u00f3n de ciertos contenidos y\/o servicios puede encontrarse sometido a determinadas condiciones espec\u00edficas.\r\n<h2>Modificaciones<\/h2>\r\nPasaiako Sarraskia Argitu Kultur Elkartea se reserva la facultad de modificar en cualquier momento las condiciones generales de uso de la web. En todo caso, se recomienda que consulte peri\u00f3dicamente los presentes t\u00e9rminos de uso de la web, ya que pueden ser modificados.\r\n<h2>Obligaciones del Usuario<\/h2>\r\nEl usuario deber\u00e1 respetar en todo momento los t\u00e9rminos y condiciones establecidos en las presentes condiciones generales de uso de la web. De forma expresa el usuario manifiesta que utilizar\u00e1 la web de forma diligente y asumiendo cualquier responsabilidad que pudiera derivarse del incumplimiento de las normas.\r\n\r\nAs\u00ed mismo, el usuario no podr\u00e1 utilizar la web para transmitir, almacenar, divulgar promover o distribuir datos o contenidos que sean portadores de virus o cualquier otro c\u00f3digo inform\u00e1tico, archivos o programas dise\u00f1ados para interrumpir, destruir o perjudicar el funcionamiento de cualquier programa o equipo inform\u00e1tico o de telecomunicaciones.\r\n<h2>Responsabilidad de la web<\/h2>\r\nEl usuario conoce y acepta que la web no otorga ninguna garant\u00eda de cualquier naturaleza, ya sea expresa o impl\u00edcita, sobre los datos, contenidos, informaci\u00f3n y servicios que se incorporan y ofrecen desde la web.\r\n\r\nExceptuando los casos que la Ley imponga expresamente lo contrario, y exclusivamente con la medida y extensi\u00f3n en que lo imponga, la web no garantiza ni asume responsabilidad alguna respecto a los posibles da\u00f1os y perjuicios causados por el uso y utilizaci\u00f3n de la informaci\u00f3n, datos y servicios de la web.\r\n\r\nEn todo caso, la web excluye cualquier responsabilidad por los da\u00f1os y perjuicios que puedan deberse a la informaci\u00f3n y\/o servicios prestados o suministrados por terceros diferentes de Pasaiako Sarraskia Argitu Kultur Elkartea Toda responsabilidad ser\u00e1 del tercero ya sea proveedor o colaborador.\r\n<h2>Propiedad intelectual e industrial<\/h2>\r\nTodos los contenidos, marcas, logos, dibujos, documentaci\u00f3n, programas inform\u00e1ticos o cualquier otro elemento susceptible de protecci\u00f3n por la legislaci\u00f3n de propiedad intelectual o industrial, que sean accesibles en la web corresponden exclusivamente a Pasaiako Sarraskia Argitu Kultur Elkartea o a sus leg\u00edtimos titulares y quedan expresamente reservados todos los derechos sobre los mismos. Queda expresamente prohibida la creaci\u00f3n de enlaces de hipertexto (links) a cualquier elemento integrante de las p\u00e1ginas web de la web sin la autorizaci\u00f3n de Pasaiako Sarraskia Argitu Kultur Elkartea\r\n\r\nEn cualquier caso, la web se reserva todos los derechos sobre los contenidos, informaci\u00f3n datos y servicios que ostente sobre los mismos. La web no concede ninguna licencia o autorizaci\u00f3n de uso al usuario sobre sus contenidos, datos o servicios, distinta de la que expresamente se detalle en las presentes condiciones generales de uso de la web.\r\n<h2>Legislaci\u00f3n aplicable, jurisdicci\u00f3n competente y notificaciones<\/h2>\r\nLas presentes condiciones se rigen y se interpretan de acuerdo con las Leyes de Espa\u00f1a. Para cualquier reclamaci\u00f3n ser\u00e1n competentes los juzgados y tribunales de Azpeitia. Todas las notificaciones, requerimientos, peticiones y otras comunicaciones que el Usuario desee efectuar a Pasaiako Sarraskia Argitu Kultur Elkartea titular de la web deber\u00e1n realizarse por escrito y se entender\u00e1 que han sido correctamente realizadas cuando hayan sido recibidas en la siguiente direcci\u00f3n Santutxo Auzunea, 6-3 esk \u00b7 20730 Azpeitia, Gipuzkoa.\r\n\r\n<\/div>\r\n<\/section>","_et_gb_content_width":"","footnotes":""},"class_list":["post-1416","page","type-page","status-publish","hentry"],"yoast_head":"<!-- This site is optimized with the Yoast SEO plugin v27.2 - https:\/\/yoast.com\/product\/yoast-seo-wordpress\/ -->\n<title>Condiciones de uso | Pasaiako Sarraskia<\/title>\n<meta name=\"robots\" content=\"index, follow, max-snippet:-1, max-image-preview:large, max-video-preview:-1\" \/>\n<link rel=\"canonical\" href=\"https:\/\/pasaiakosarraskia.eus\/es\/condiciones-de-uso\/\" \/>\n<meta property=\"og:locale\" content=\"es_ES\" \/>\n<meta property=\"og:type\" content=\"article\" \/>\n<meta property=\"og:title\" content=\"Condiciones de uso | Pasaiako Sarraskia\" \/>\n<meta property=\"og:description\" content=\"Las presentes condiciones generales de uso de la p\u00e1gina web, regulan los t\u00e9rminos y condiciones de acceso y uso de www.pasaiakosarraskia.eus, propiedad de: Titularra: Pasaiako Sarraskia Argitu Kultur Elkartea IFK: G06862809 Helbidea: Santutxo Auzunea 6 - 3 esk \u00b7 20730 Azpeitia [Gipuzkoa] Korreo elektronikoa: pasaia.argitu@gmail.com Webgunea: https:\/\/pasaiakosarraskia.eus El usuario de la web deber\u00e1 de leer [&hellip;]\" \/>\n<meta property=\"og:url\" content=\"https:\/\/pasaiakosarraskia.eus\/es\/condiciones-de-uso\/\" \/>\n<meta property=\"og:site_name\" content=\"Pasaiako Sarraskia\" \/>\n<meta property=\"article:modified_time\" content=\"2025-03-06T16:54:22+00:00\" \/>\n<meta name=\"twitter:card\" content=\"summary_large_image\" \/>\n<meta name=\"twitter:label1\" content=\"Tiempo de lectura\" \/>\n\t<meta name=\"twitter:data1\" content=\"4 minutos\" \/>\n<script type=\"application\/ld+json\" class=\"yoast-schema-graph\">{\"@context\":\"https:\/\/schema.org\",\"@graph\":[{\"@type\":\"WebPage\",\"@id\":\"https:\/\/pasaiakosarraskia.eus\/es\/condiciones-de-uso\/\",\"url\":\"https:\/\/pasaiakosarraskia.eus\/es\/condiciones-de-uso\/\",\"name\":\"Condiciones de uso | Pasaiako Sarraskia\",\"isPartOf\":{\"@id\":\"https:\/\/pasaiakosarraskia.eus\/#website\"},\"datePublished\":\"2025-03-06T15:12:49+00:00\",\"dateModified\":\"2025-03-06T16:54:22+00:00\",\"breadcrumb\":{\"@id\":\"https:\/\/pasaiakosarraskia.eus\/es\/condiciones-de-uso\/#breadcrumb\"},\"inLanguage\":\"es\",\"potentialAction\":[{\"@type\":\"ReadAction\",\"target\":[\"https:\/\/pasaiakosarraskia.eus\/es\/condiciones-de-uso\/\"]}]},{\"@type\":\"BreadcrumbList\",\"@id\":\"https:\/\/pasaiakosarraskia.eus\/es\/condiciones-de-uso\/#breadcrumb\",\"itemListElement\":[{\"@type\":\"ListItem\",\"position\":1,\"name\":\"Home\",\"item\":\"https:\/\/pasaiakosarraskia.eus\/es\/\"},{\"@type\":\"ListItem\",\"position\":2,\"name\":\"Condiciones de uso\"}]},{\"@type\":\"WebSite\",\"@id\":\"https:\/\/pasaiakosarraskia.eus\/#website\",\"url\":\"https:\/\/pasaiakosarraskia.eus\/\",\"name\":\"Pasaiako Sarraskia\",\"description\":\"Argitu Kultur Elkartea\",\"potentialAction\":[{\"@type\":\"SearchAction\",\"target\":{\"@type\":\"EntryPoint\",\"urlTemplate\":\"https:\/\/pasaiakosarraskia.eus\/?s={search_term_string}\"},\"query-input\":{\"@type\":\"PropertyValueSpecification\",\"valueRequired\":true,\"valueName\":\"search_term_string\"}}],\"inLanguage\":\"es\"}]}<\/script>\n<!-- \/ Yoast SEO plugin. -->","yoast_head_json":{"title":"Condiciones de uso | Pasaiako Sarraskia","robots":{"index":"index","follow":"follow","max-snippet":"max-snippet:-1","max-image-preview":"max-image-preview:large","max-video-preview":"max-video-preview:-1"},"canonical":"https:\/\/pasaiakosarraskia.eus\/es\/condiciones-de-uso\/","og_locale":"es_ES","og_type":"article","og_title":"Condiciones de uso | Pasaiako Sarraskia","og_description":"Las presentes condiciones generales de uso de la p\u00e1gina web, regulan los t\u00e9rminos y condiciones de acceso y uso de www.pasaiakosarraskia.eus, propiedad de: Titularra: Pasaiako Sarraskia Argitu Kultur Elkartea IFK: G06862809 Helbidea: Santutxo Auzunea 6 - 3 esk \u00b7 20730 Azpeitia [Gipuzkoa] Korreo elektronikoa: pasaia.argitu@gmail.com Webgunea: https:\/\/pasaiakosarraskia.eus El usuario de la web deber\u00e1 de leer [&hellip;]","og_url":"https:\/\/pasaiakosarraskia.eus\/es\/condiciones-de-uso\/","og_site_name":"Pasaiako Sarraskia","article_modified_time":"2025-03-06T16:54:22+00:00","twitter_card":"summary_large_image","twitter_misc":{"Tiempo de lectura":"4 minutos"},"schema":{"@context":"https:\/\/schema.org","@graph":[{"@type":"WebPage","@id":"https:\/\/pasaiakosarraskia.eus\/es\/condiciones-de-uso\/","url":"https:\/\/pasaiakosarraskia.eus\/es\/condiciones-de-uso\/","name":"Condiciones de uso | Pasaiako Sarraskia","isPartOf":{"@id":"https:\/\/pasaiakosarraskia.eus\/#website"},"datePublished":"2025-03-06T15:12:49+00:00","dateModified":"2025-03-06T16:54:22+00:00","breadcrumb":{"@id":"https:\/\/pasaiakosarraskia.eus\/es\/condiciones-de-uso\/#breadcrumb"},"inLanguage":"es","potentialAction":[{"@type":"ReadAction","target":["https:\/\/pasaiakosarraskia.eus\/es\/condiciones-de-uso\/"]}]},{"@type":"BreadcrumbList","@id":"https:\/\/pasaiakosarraskia.eus\/es\/condiciones-de-uso\/#breadcrumb","itemListElement":[{"@type":"ListItem","position":1,"name":"Home","item":"https:\/\/pasaiakosarraskia.eus\/es\/"},{"@type":"ListItem","position":2,"name":"Condiciones de uso"}]},{"@type":"WebSite","@id":"https:\/\/pasaiakosarraskia.eus\/#website","url":"https:\/\/pasaiakosarraskia.eus\/","name":"Pasaiako Sarraskia","description":"Argitu Kultur Elkartea","potentialAction":[{"@type":"SearchAction","target":{"@type":"EntryPoint","urlTemplate":"https:\/\/pasaiakosarraskia.eus\/?s={search_term_string}"},"query-input":{"@type":"PropertyValueSpecification","valueRequired":true,"valueName":"search_term_string"}}],"inLanguage":"es"}]}},"_links":{"self":[{"href":"https:\/\/pasaiakosarraskia.eus\/es\/wp-json\/wp\/v2\/pages\/1416","targetHints":{"allow":["GET"]}}],"collection":[{"href":"https:\/\/pasaiakosarraskia.eus\/es\/wp-json\/wp\/v2\/pages"}],"about":[{"href":"https:\/\/pasaiakosarraskia.eus\/es\/wp-json\/wp\/v2\/types\/page"}],"author":[{"embeddable":true,"href":"https:\/\/pasaiakosarraskia.eus\/es\/wp-json\/wp\/v2\/users\/2"}],"replies":[{"embeddable":true,"href":"https:\/\/pasaiakosarraskia.eus\/es\/wp-json\/wp\/v2\/comments?post=1416"}],"version-history":[{"count":6,"href":"https:\/\/pasaiakosarraskia.eus\/es\/wp-json\/wp\/v2\/pages\/1416\/revisions"}],"predecessor-version":[{"id":1496,"href":"https:\/\/pasaiakosarraskia.eus\/es\/wp-json\/wp\/v2\/pages\/1416\/revisions\/1496"}],"wp:attachment":[{"href":"https:\/\/pasaiakosarraskia.eus\/es\/wp-json\/wp\/v2\/media?parent=1416"}],"curies":[{"name":"wp","href":"https:\/\/api.w.org\/{rel}","templated":true}]}}