{"id":1421,"date":"2025-03-06T17:24:57","date_gmt":"2025-03-06T15:24:57","guid":{"rendered":"https:\/\/pasaiakosarraskia.eus\/?page_id=1421"},"modified":"2025-03-06T18:56:55","modified_gmt":"2025-03-06T16:56:55","slug":"politica-de-privacidad","status":"publish","type":"page","link":"https:\/\/pasaiakosarraskia.eus\/es\/politica-de-privacidad\/","title":{"rendered":"Pol\u00edtica de privacidad"},"content":{"rendered":"<p>[et_pb_section fb_built=\u00bb1&#8243; _builder_version=\u00bb4.16&#8243; global_colors_info=\u00bb{}\u00bb][et_pb_row _builder_version=\u00bb4.16&#8243; background_size=\u00bbinitial\u00bb background_position=\u00bbtop_left\u00bb background_repeat=\u00bbrepeat\u00bb global_colors_info=\u00bb{}\u00bb][et_pb_column type=\u00bb4_4&#8243; _builder_version=\u00bb4.16&#8243; custom_padding=\u00bb|||\u00bb global_colors_info=\u00bb{}\u00bb custom_padding__hover=\u00bb|||\u00bb][et_pb_heading title=\u00bbPol\u00edtica de Privacidad\u00bb _builder_version=\u00bb4.27.4&#8243; _module_preset=\u00bbdefault\u00bb title_font=\u00bbSpecial Elite||||||||\u00bb title_font_size=\u00bb26px\u00bb global_colors_info=\u00bb{}\u00bb][\/et_pb_heading][et_pb_text _builder_version=\u00bb4.27.4&#8243; header_2_font=\u00bbSpecial Elite||||||||\u00bb header_2_font_size=\u00bb20px\u00bb background_size=\u00bbinitial\u00bb background_position=\u00bbtop_left\u00bb background_repeat=\u00bbrepeat\u00bb hover_enabled=\u00bb0&#8243; global_colors_info=\u00bb{}\u00bb sticky_enabled=\u00bb0&#8243;]<\/p>\n<section>\n<p>Pasaiako Sarraskia Argitu Kultur Elkartea garantiza el cumplimiento de la normativa vigente en materia de protecci\u00f3n de datos personales, reflejada en la Ley Org\u00e1nica 3\/2018, de 5 de diciembre, de Protecci\u00f3n de Datos Personales y de Garant\u00eda de Derechos Digitales (LOPD GDD). Cumple tambi\u00e9n con el Reglamento (UE) 2016\/679 del Parlamento Europeo y del Consejo de 27 de abril de 2016 relativo a la protecci\u00f3n de las personas f\u00edsicas (RGPD).<\/p>\n<p>El uso de sitio Web implica la aceptaci\u00f3n de esta Pol\u00edtica de Privacidad as\u00ed como las condiciones incluidas en el Aviso Legal.<\/p>\n<p>&nbsp;<\/p>\n<h2>Datos del titular<\/h2>\n<ul>\n<li><strong>Titular<\/strong>: Pasaiako Sarraskia Argitu Kultur Elkartea<\/li>\n<li><strong>CIF<\/strong>: G06862809<\/li>\n<li><strong>Domicilio<\/strong>: Santutxo Auzunea 6 &#8211; 3 esk \u00b7 20730 Azpeitia [Gipuzkoa]<\/li>\n<li><strong>Correo electr\u00f3nico<\/strong>: pasaia.argitu@gmail.com<\/li>\n<li><strong>Sitio Web<\/strong>: htpps:\/\/pasaiakosarraskia.eus<\/li>\n<\/ul>\n<p>&nbsp;<\/p>\n<h2>Bases aplicadas<\/h2>\n<p>Seg\u00fan las exigencias del nuevo reglamento europeo de protecci\u00f3n de datos:<\/p>\n<ul>\n<li>Pasaiako Sarraskia Argitu Kultur Elkartea siempre requerir\u00e1 el consentimiento para el tratamiento de tus datos personales que puede ser para uno o varios fines espec\u00edficos sobre los que te informar\u00e1 previamente con absoluta transparencia.<\/li>\n<li>Pasaiako Sarraskia Argitu Kultur Elkartea te solicitar\u00e1 solo los datos estrictamente necesarios para el fin o los fines que los solicita.<\/li>\n<li>Los datos se mantendr\u00e1n durante el tiempo estrictamente necesario para el fin o los fines del tratamiento.<\/li>\n<li>Tus datos ser\u00e1n tratados de manera segura y confidencial garantizando su integridad.<\/li>\n<\/ul>\n<p>&nbsp;<\/p>\n<h2>Tus derechos<\/h2>\n<p>Pasaiako Sarraskia Argitu Kultur Elkartea te informa que sobre tus datos personales tienes derecho a:<\/p>\n<ul>\n<li>Solicitar el acceso a los datos almacenados.<\/li>\n<li>Solicitar una rectificaci\u00f3n o la cancelaci\u00f3n.<\/li>\n<li>Solicitar la limitaci\u00f3n de su tratamiento.<\/li>\n<li>Oponerte al tratamiento.<\/li>\n<li>Solicitar la portabilidad de tus datos.<\/li>\n<\/ul>\n<p>El ejercicio de estos derechos es personal y por tanto debe ser ejercido directamente por el interesado, solicit\u00e1ndolo directamente a Pasaiako Sarraskia Argitu Kultur Elkartea enviando un correo electr\u00f3nico a pasaia.argitu@gmail.com<\/p>\n<p>&nbsp;<\/p>\n<h2>Finalidad del tratamiento de datos personales<\/h2>\n<p>Pasaiako Sarraskia Argitu Kultur Elkartea solicita datos personales entre los que pueden estar: Nombre y apellidos, direcci\u00f3n de correo electr\u00f3nico y n\u00famero de tel\u00e9fono con la finalidad de responder a tus consultas.<br \/>\nPasaiako Sarraskia Argitu Kultur Elkartea utiliza esos datos para dar respuesta a tus mensajes, dudas, quejas, comentarios o inquietudes que puedas tener relativas a la informaci\u00f3n incluida en el sitio Web, los servicios que se prestan a trav\u00e9s del sitio Web, el tratamiento de tus datos personales, cuestiones referentes a los textos legales incluidos en el sitio Web, as\u00ed como cualquier otra consulta que puedas tener y que no est\u00e9 sujeta a las condiciones del sitio Web o de la contrataci\u00f3n.<\/p>\n<p>&nbsp;<\/p>\n<h2>Pol\u00edtica de Cookies<\/h2>\n<p>Para que este sitio Web funcione correctamente necesita utilizar cookies, que es una informaci\u00f3n que se almacena en tu navegador web.<\/p>\n<p>En la p\u00e1gina Pol\u00edtica de Cookies puedes consultar toda la informaci\u00f3n relativa a la pol\u00edtica de recogida, la finalidad y el tratamiento de las cookies.<\/p>\n<p>&nbsp;<\/p>\n<h2>Navegaci\u00f3n web<\/h2>\n<p>Al navegar por el sitio Web se pueden recoger datos no identificativos, que pueden incluir, la direcci\u00f3n IP, geolocalizaci\u00f3n, un registro de c\u00f3mo se utilizan los servicios y sitios, h\u00e1bitos de navegaci\u00f3n y otros datos que no pueden ser utilizados para identificarte.<\/p>\n<p>El sitio Web utiliza los siguientes servicios de an\u00e1lisis de terceros:<\/p>\n<p>Google Analytics: es un servicio de anal\u00edtica web prestado por Google, Inc., una compa\u00f1\u00eda de Delaware cuya oficina principal est\u00e1 en 1600 Amphitheatre Parkway, Mountain View (California), CA 94043, Estados Unidos (\u201cGoogle\u201d). Encontrar\u00e1s m\u00e1s informaci\u00f3n en: https:\/\/analytics.google.com<\/p>\n<p>Google Analytics utiliza \u201ccookies\u201d, que son archivos de texto ubicados en tu ordenador, para ayudar a Pasaiako Sarraskia Argitu Kultur Elkartea a analizar el uso que hacen los usuarios del sitio Web. La informaci\u00f3n que genera la cookie acerca del uso del sitio Web (incluyendo tu direcci\u00f3n IP) ser\u00e1 directamente transmitida y archivada por Google en los servidores de Estados Unidos.<\/p>\n<p>Pasaiako Sarraskia Argitu Kultur Elkartea utiliza la informaci\u00f3n obtenida para obtener datos estad\u00edsticos, analizar tendencias, administrar el sitio, estudiar patrones de navegaci\u00f3n y para recopilar informaci\u00f3n demogr\u00e1fica.<\/p>\n<p>&nbsp;<\/p>\n<h2>Exactitud y veracidad de los datos<\/h2>\n<p>Te comprometes a que los datos facilitados a Pasaiako Sarraskia Argitu Kultur Elkartea sean correctos, completos, exactos y vigentes, as\u00ed como a mantenerlos debidamente actualizados.<\/p>\n<p>Como Usuario del sitio Web eres el \u00fanico responsable de la veracidad y correcci\u00f3n de los datos que remitas al sitio exonerando a Pasaiako Sarraskia Argitu Kultur Elkartea de cualquier responsabilidad al respecto.<\/p>\n<p>&nbsp;<\/p>\n<h2>Aceptaci\u00f3n y consentimiento<\/h2>\n<p>Como Usuario del sitio Web declaras haber sido informado de las condiciones sobre protecci\u00f3n de datos de car\u00e1cter personal, aceptas y consientes el tratamiento de los mismos por parte de Pasaiako Sarraskia Argitu Kultur Elkartea en la forma y para las finalidades indicadas en esta Pol\u00edtica de Privacidad.<\/p>\n<p>&nbsp;<\/p>\n<h2>Revocabilidad<\/h2>\n<p>Para ejercitar tus derechos de acceso, rectificaci\u00f3n, cancelaci\u00f3n, portabilidad y oposici\u00f3n tienes que enviar un correo electr\u00f3nico a pasaia.argitu@gmail.com junto con la prueba v\u00e1lida en derecho como una fotocopia del D.N.I. o equivalente.<\/p>\n<p>El ejercicio de tus derechos no incluye ning\u00fan dato que Pasaiako Sarraskia Argitu Kultur Elkartea est\u00e9 obligado a conservar con fines administrativos, legales o de seguridad.<\/p>\n<p>&nbsp;<\/p>\n<h2>Cambios en la Pol\u00edtica de Privacidad<\/h2>\n<p>Pasaiako Sarraskia Argitu Kultur Elkartea se reserva el derecho a modificar la presente Pol\u00edtica de Privacidad para adaptarla a novedades legislativas o jurisprudenciales, as\u00ed como a pr\u00e1cticas de la industria.<br \/>\nEstas pol\u00edticas estar\u00e1n vigentes hasta que sean modificadas por otras debidamente publicadas.<\/p>\n<\/section>\n<p>[\/et_pb_text][\/et_pb_column][\/et_pb_row][\/et_pb_section]<\/p>\n","protected":false},"excerpt":{"rendered":"<p>Pasaiako Sarraskia Argitu Kultur Elkartea garantiza el cumplimiento de la normativa vigente en materia de protecci\u00f3n de datos personales, reflejada en la Ley Org\u00e1nica 3\/2018, de 5 de diciembre, de Protecci\u00f3n de Datos Personales y de Garant\u00eda de Derechos Digitales (LOPD GDD). Cumple tambi\u00e9n con el Reglamento (UE) 2016\/679 del Parlamento Europeo y del Consejo [&hellip;]<\/p>\n","protected":false},"author":2,"featured_media":0,"parent":0,"menu_order":0,"comment_status":"closed","ping_status":"closed","template":"","meta":{"_et_pb_use_builder":"on","_et_pb_old_content":"<section>\r\n<div class=\"container\">\r\n\r\nPasaiako Sarraskia Argitu Kultur Elkartea garantiza el cumplimiento de la normativa vigente en materia de protecci\u00f3n de datos personales, reflejada en la Ley Org\u00e1nica 3\/2018, de 5 de diciembre, de Protecci\u00f3n de Datos Personales y de Garant\u00eda de Derechos Digitales (LOPD GDD). Cumple tambi\u00e9n con el Reglamento (UE) 2016\/679 del Parlamento Europeo y del Consejo de 27 de abril de 2016 relativo a la protecci\u00f3n de las personas f\u00edsicas (RGPD).\r\n\r\nEl uso de sitio Web implica la aceptaci\u00f3n de esta Pol\u00edtica de Privacidad as\u00ed como las condiciones incluidas en el Aviso Legal.\r\n<h2>Datos del titular<\/h2>\r\n<ul>\r\n \t<li><strong>Titular<\/strong>: Pasaiako Sarraskia Argitu Kultur Elkartea<\/li>\r\n \t<li><strong>CIF<\/strong>: G06862809<\/li>\r\n \t<li><strong>Domicilio<\/strong>: Santutxo Auzunea 6 - 3 esk \u00b7 20730 Azpeitia [Gipuzkoa]<\/li>\r\n \t<li><strong>Correo electr\u00f3nico<\/strong>:<\/li>\r\n \t<li><strong>Sitio Web<\/strong>: htpps:\/\/pasaiakosarraskia.eus<\/li>\r\n<\/ul>\r\n<h2>Bases aplicadas<\/h2>\r\nSeg\u00fan las exigencias del nuevo reglamento europeo de protecci\u00f3n de datos:\r\n<ul>\r\n \t<li>Pasaiako Sarraskia Argitu Kultur Elkartea siempre requerir\u00e1 el consentimiento para el tratamiento de tus datos personales que puede ser para uno o varios fines espec\u00edficos sobre los que te informar\u00e1 previamente con absoluta transparencia.<\/li>\r\n \t<li>Pasaiako Sarraskia Argitu Kultur Elkartea te solicitar\u00e1 solo los datos estrictamente necesarios para el fin o los fines que los solicita.<\/li>\r\n \t<li>Los datos se mantendr\u00e1n durante el tiempo estrictamente necesario para el fin o los fines del tratamiento.<\/li>\r\n \t<li>Tus datos ser\u00e1n tratados de manera segura y confidencial garantizando su integridad.<\/li>\r\n<\/ul>\r\n<h2>Tus derechos<\/h2>\r\nPasaiako Sarraskia Argitu Kultur Elkartea te informa que sobre tus datos personales tienes derecho a:\r\n<ul>\r\n \t<li>Solicitar el acceso a los datos almacenados.<\/li>\r\n \t<li>Solicitar una rectificaci\u00f3n o la cancelaci\u00f3n.<\/li>\r\n \t<li>Solicitar la limitaci\u00f3n de su tratamiento.<\/li>\r\n \t<li>Oponerte al tratamiento.<\/li>\r\n \t<li>Solicitar la portabilidad de tus datos.<\/li>\r\n<\/ul>\r\nEl ejercicio de estos derechos es personal y por tanto debe ser ejercido directamente por el interesado, solicit\u00e1ndolo directamente a Pasaiako Sarraskia Argitu Kultur Elkartea enviando un correo electr\u00f3nico a info@elkarmedia.eus.\r\n<h2>Finalidad del tratamiento de datos personales<\/h2>\r\nPasaiako Sarraskia Argitu Kultur Elkartea solicita datos personales entre los que pueden estar: Nombre y apellidos, direcci\u00f3n de correo electr\u00f3nico y n\u00famero de tel\u00e9fono con la finalidad de responder a tus consultas.\r\nPasaiako Sarraskia Argitu Kultur Elkartea utiliza esos datos para dar respuesta a tus mensajes, dudas, quejas, comentarios o inquietudes que puedas tener relativas a la informaci\u00f3n incluida en el sitio Web, los servicios que se prestan a trav\u00e9s del sitio Web, el tratamiento de tus datos personales, cuestiones referentes a los textos legales incluidos en el sitio Web, as\u00ed como cualquier otra consulta que puedas tener y que no est\u00e9 sujeta a las condiciones del sitio Web o de la contrataci\u00f3n.\r\n<h2>Pol\u00edtica de Cookies<\/h2>\r\nPara que este sitio Web funcione correctamente necesita utilizar cookies, que es una informaci\u00f3n que se almacena en tu navegador web.\r\n\r\nEn la p\u00e1gina Pol\u00edtica de Cookies puedes consultar toda la informaci\u00f3n relativa a la pol\u00edtica de recogida, la finalidad y el tratamiento de las cookies.\r\n<h2>Navegaci\u00f3n web<\/h2>\r\nAl navegar por el sitio Web se pueden recoger datos no identificativos, que pueden incluir, la direcci\u00f3n IP, geolocalizaci\u00f3n, un registro de c\u00f3mo se utilizan los servicios y sitios, h\u00e1bitos de navegaci\u00f3n y otros datos que no pueden ser utilizados para identificarte.\r\n\r\nEl sitio Web utiliza los siguientes servicios de an\u00e1lisis de terceros:\r\n\r\nGoogle Analytics: es un servicio de anal\u00edtica web prestado por Google, Inc., una compa\u00f1\u00eda de Delaware cuya oficina principal est\u00e1 en 1600 Amphitheatre Parkway, Mountain View (California), CA 94043, Estados Unidos (\u201cGoogle\u201d). Encontrar\u00e1s m\u00e1s informaci\u00f3n en: https:\/\/analytics.google.com\r\n\r\nGoogle Analytics utiliza \u201ccookies\u201d, que son archivos de texto ubicados en tu ordenador, para ayudar a Pasaiako Sarraskia Argitu Kultur Elkartea a analizar el uso que hacen los usuarios del sitio Web. La informaci\u00f3n que genera la cookie acerca del uso del sitio Web (incluyendo tu direcci\u00f3n IP) ser\u00e1 directamente transmitida y archivada por Google en los servidores de Estados Unidos.\r\n\r\nPasaiako Sarraskia Argitu Kultur Elkartea utiliza la informaci\u00f3n obtenida para obtener datos estad\u00edsticos, analizar tendencias, administrar el sitio, estudiar patrones de navegaci\u00f3n y para recopilar informaci\u00f3n demogr\u00e1fica.\r\n<h2>Exactitud y veracidad de los datos<\/h2>\r\nTe comprometes a que los datos facilitados a Pasaiako Sarraskia Argitu Kultur Elkartea sean correctos, completos, exactos y vigentes, as\u00ed como a mantenerlos debidamente actualizados.\r\n\r\nComo Usuario del sitio Web eres el \u00fanico responsable de la veracidad y correcci\u00f3n de los datos que remitas al sitio exonerando a Pasaiako Sarraskia Argitu Kultur Elkartea de cualquier responsabilidad al respecto.\r\n<h2>Aceptaci\u00f3n y consentimiento<\/h2>\r\nComo Usuario del sitio Web declaras haber sido informado de las condiciones sobre protecci\u00f3n de datos de car\u00e1cter personal, aceptas y consientes el tratamiento de los mismos por parte de Pasaiako Sarraskia Argitu Kultur Elkartea en la forma y para las finalidades indicadas en esta Pol\u00edtica de Privacidad.\r\n<h2>Revocabilidad<\/h2>\r\nPara ejercitar tus derechos de acceso, rectificaci\u00f3n, cancelaci\u00f3n, portabilidad y oposici\u00f3n tienes que enviar un correo electr\u00f3nico a info@elkarmedia.eus junto con la prueba v\u00e1lida en derecho como una fotocopia del D.N.I. o equivalente.\r\n\r\nEl ejercicio de tus derechos no incluye ning\u00fan dato que Pasaiako Sarraskia Argitu Kultur Elkartea est\u00e9 obligado a conservar con fines administrativos, legales o de seguridad.\r\n<h2>Cambios en la Pol\u00edtica de Privacidad<\/h2>\r\nPasaiako Sarraskia Argitu Kultur Elkartea se reserva el derecho a modificar la presente Pol\u00edtica de Privacidad para adaptarla a novedades legislativas o jurisprudenciales, as\u00ed como a pr\u00e1cticas de la industria.\r\nEstas pol\u00edticas estar\u00e1n vigentes hasta que sean modificadas por otras debidamente publicadas.\r\n\r\n<\/div>\r\n<\/section>","_et_gb_content_width":"","footnotes":""},"class_list":["post-1421","page","type-page","status-publish","hentry"],"yoast_head":"<!-- This site is optimized with the Yoast SEO plugin v27.2 - https:\/\/yoast.com\/product\/yoast-seo-wordpress\/ -->\n<title>Pol\u00edtica de privacidad | Pasaiako Sarraskia<\/title>\n<meta name=\"robots\" content=\"index, follow, max-snippet:-1, max-image-preview:large, max-video-preview:-1\" \/>\n<link rel=\"canonical\" href=\"https:\/\/pasaiakosarraskia.eus\/es\/politica-de-privacidad\/\" \/>\n<meta property=\"og:locale\" content=\"es_ES\" \/>\n<meta property=\"og:type\" content=\"article\" \/>\n<meta property=\"og:title\" content=\"Pol\u00edtica de privacidad | Pasaiako Sarraskia\" \/>\n<meta property=\"og:description\" content=\"Pasaiako Sarraskia Argitu Kultur Elkartea garantiza el cumplimiento de la normativa vigente en materia de protecci\u00f3n de datos personales, reflejada en la Ley Org\u00e1nica 3\/2018, de 5 de diciembre, de Protecci\u00f3n de Datos Personales y de Garant\u00eda de Derechos Digitales (LOPD GDD). Cumple tambi\u00e9n con el Reglamento (UE) 2016\/679 del Parlamento Europeo y del Consejo [&hellip;]\" \/>\n<meta property=\"og:url\" content=\"https:\/\/pasaiakosarraskia.eus\/es\/politica-de-privacidad\/\" \/>\n<meta property=\"og:site_name\" content=\"Pasaiako Sarraskia\" \/>\n<meta property=\"article:modified_time\" content=\"2025-03-06T16:56:55+00:00\" \/>\n<meta name=\"twitter:card\" content=\"summary_large_image\" \/>\n<meta name=\"twitter:label1\" content=\"Tiempo de lectura\" \/>\n\t<meta name=\"twitter:data1\" content=\"5 minutos\" \/>\n<script type=\"application\/ld+json\" class=\"yoast-schema-graph\">{\"@context\":\"https:\/\/schema.org\",\"@graph\":[{\"@type\":\"WebPage\",\"@id\":\"https:\/\/pasaiakosarraskia.eus\/es\/politica-de-privacidad\/\",\"url\":\"https:\/\/pasaiakosarraskia.eus\/es\/politica-de-privacidad\/\",\"name\":\"Pol\u00edtica de privacidad | Pasaiako Sarraskia\",\"isPartOf\":{\"@id\":\"https:\/\/pasaiakosarraskia.eus\/#website\"},\"datePublished\":\"2025-03-06T15:24:57+00:00\",\"dateModified\":\"2025-03-06T16:56:55+00:00\",\"breadcrumb\":{\"@id\":\"https:\/\/pasaiakosarraskia.eus\/es\/politica-de-privacidad\/#breadcrumb\"},\"inLanguage\":\"es\",\"potentialAction\":[{\"@type\":\"ReadAction\",\"target\":[\"https:\/\/pasaiakosarraskia.eus\/es\/politica-de-privacidad\/\"]}]},{\"@type\":\"BreadcrumbList\",\"@id\":\"https:\/\/pasaiakosarraskia.eus\/es\/politica-de-privacidad\/#breadcrumb\",\"itemListElement\":[{\"@type\":\"ListItem\",\"position\":1,\"name\":\"Home\",\"item\":\"https:\/\/pasaiakosarraskia.eus\/es\/\"},{\"@type\":\"ListItem\",\"position\":2,\"name\":\"Pol\u00edtica de privacidad\"}]},{\"@type\":\"WebSite\",\"@id\":\"https:\/\/pasaiakosarraskia.eus\/#website\",\"url\":\"https:\/\/pasaiakosarraskia.eus\/\",\"name\":\"Pasaiako Sarraskia\",\"description\":\"Argitu Kultur Elkartea\",\"potentialAction\":[{\"@type\":\"SearchAction\",\"target\":{\"@type\":\"EntryPoint\",\"urlTemplate\":\"https:\/\/pasaiakosarraskia.eus\/?s={search_term_string}\"},\"query-input\":{\"@type\":\"PropertyValueSpecification\",\"valueRequired\":true,\"valueName\":\"search_term_string\"}}],\"inLanguage\":\"es\"}]}<\/script>\n<!-- \/ Yoast SEO plugin. -->","yoast_head_json":{"title":"Pol\u00edtica de privacidad | Pasaiako Sarraskia","robots":{"index":"index","follow":"follow","max-snippet":"max-snippet:-1","max-image-preview":"max-image-preview:large","max-video-preview":"max-video-preview:-1"},"canonical":"https:\/\/pasaiakosarraskia.eus\/es\/politica-de-privacidad\/","og_locale":"es_ES","og_type":"article","og_title":"Pol\u00edtica de privacidad | Pasaiako Sarraskia","og_description":"Pasaiako Sarraskia Argitu Kultur Elkartea garantiza el cumplimiento de la normativa vigente en materia de protecci\u00f3n de datos personales, reflejada en la Ley Org\u00e1nica 3\/2018, de 5 de diciembre, de Protecci\u00f3n de Datos Personales y de Garant\u00eda de Derechos Digitales (LOPD GDD). Cumple tambi\u00e9n con el Reglamento (UE) 2016\/679 del Parlamento Europeo y del Consejo [&hellip;]","og_url":"https:\/\/pasaiakosarraskia.eus\/es\/politica-de-privacidad\/","og_site_name":"Pasaiako Sarraskia","article_modified_time":"2025-03-06T16:56:55+00:00","twitter_card":"summary_large_image","twitter_misc":{"Tiempo de lectura":"5 minutos"},"schema":{"@context":"https:\/\/schema.org","@graph":[{"@type":"WebPage","@id":"https:\/\/pasaiakosarraskia.eus\/es\/politica-de-privacidad\/","url":"https:\/\/pasaiakosarraskia.eus\/es\/politica-de-privacidad\/","name":"Pol\u00edtica de privacidad | Pasaiako Sarraskia","isPartOf":{"@id":"https:\/\/pasaiakosarraskia.eus\/#website"},"datePublished":"2025-03-06T15:24:57+00:00","dateModified":"2025-03-06T16:56:55+00:00","breadcrumb":{"@id":"https:\/\/pasaiakosarraskia.eus\/es\/politica-de-privacidad\/#breadcrumb"},"inLanguage":"es","potentialAction":[{"@type":"ReadAction","target":["https:\/\/pasaiakosarraskia.eus\/es\/politica-de-privacidad\/"]}]},{"@type":"BreadcrumbList","@id":"https:\/\/pasaiakosarraskia.eus\/es\/politica-de-privacidad\/#breadcrumb","itemListElement":[{"@type":"ListItem","position":1,"name":"Home","item":"https:\/\/pasaiakosarraskia.eus\/es\/"},{"@type":"ListItem","position":2,"name":"Pol\u00edtica de privacidad"}]},{"@type":"WebSite","@id":"https:\/\/pasaiakosarraskia.eus\/#website","url":"https:\/\/pasaiakosarraskia.eus\/","name":"Pasaiako Sarraskia","description":"Argitu Kultur Elkartea","potentialAction":[{"@type":"SearchAction","target":{"@type":"EntryPoint","urlTemplate":"https:\/\/pasaiakosarraskia.eus\/?s={search_term_string}"},"query-input":{"@type":"PropertyValueSpecification","valueRequired":true,"valueName":"search_term_string"}}],"inLanguage":"es"}]}},"_links":{"self":[{"href":"https:\/\/pasaiakosarraskia.eus\/es\/wp-json\/wp\/v2\/pages\/1421","targetHints":{"allow":["GET"]}}],"collection":[{"href":"https:\/\/pasaiakosarraskia.eus\/es\/wp-json\/wp\/v2\/pages"}],"about":[{"href":"https:\/\/pasaiakosarraskia.eus\/es\/wp-json\/wp\/v2\/types\/page"}],"author":[{"embeddable":true,"href":"https:\/\/pasaiakosarraskia.eus\/es\/wp-json\/wp\/v2\/users\/2"}],"replies":[{"embeddable":true,"href":"https:\/\/pasaiakosarraskia.eus\/es\/wp-json\/wp\/v2\/comments?post=1421"}],"version-history":[{"count":7,"href":"https:\/\/pasaiakosarraskia.eus\/es\/wp-json\/wp\/v2\/pages\/1421\/revisions"}],"predecessor-version":[{"id":1498,"href":"https:\/\/pasaiakosarraskia.eus\/es\/wp-json\/wp\/v2\/pages\/1421\/revisions\/1498"}],"wp:attachment":[{"href":"https:\/\/pasaiakosarraskia.eus\/es\/wp-json\/wp\/v2\/media?parent=1421"}],"curies":[{"name":"wp","href":"https:\/\/api.w.org\/{rel}","templated":true}]}}